{"id":3,"date":"2024-08-26T16:07:23","date_gmt":"2024-08-26T14:07:23","guid":{"rendered":"https:\/\/fajnpreklady.sk\/hu\/?page_id=3"},"modified":"2024-09-02T16:34:17","modified_gmt":"2024-09-02T14:34:17","slug":"gdpr","status":"publish","type":"page","link":"https:\/\/fajnpreklady.sk\/hu\/gdpr\/","title":{"rendered":"Adatkezel\u00e9si t\u00e1j\u00e9koztat\u00f3 (GDPR)"},"content":{"rendered":"\n<hr class=\"wp-block-separator has-text-color has-alpha-channel-opacity has-background\" style=\"background-color:#008642;color:#008642\"\/>\n\n\n\n<h5 id=\"wp-block-themeisle-blocks-advanced-heading-348afa4d\" class=\"wp-block-themeisle-blocks-advanced-heading wp-block-themeisle-blocks-advanced-heading-348afa4d\"><br>Hlav\u00e1cs M\u00e1ria hiteles ford\u00edt\u00f3, sz\u00e9khelye Lado\u017esk\u00e1 8, 04012 Ko\u0161ice, Szlov\u00e1kia, KSH-sz\u00e1ma: 40796418, \u00e9s Hlav\u00e1cs P\u00e9ter \u2013 WISION egy\u00e9ni v\u00e1llalkoz\u00f3, sz\u00e9khelye Azovsk\u00e1 2, 04012 Ko\u0161ice, KSH-sz\u00e1ma: 40186784, a szem\u00e9lyes adatokat az Eur\u00f3pai Parlament \u00e9s a Tan\u00e1cs 679\/2016 sz\u00e1m\u00fa, 2016. \u00e1prilis 27-\u00e9n kelt, a term\u00e9szetes szem\u00e9lyek adatv\u00e9delm\u00e9r\u0151l \u00e9s a szem\u00e9lyes adatok szabad \u00e1raml\u00e1s\u00e1r\u00f3l, valamint a 95\/46\/EK ir\u00e1nyelv hat\u00e1lyon k\u00edv\u00fcl helyez\u00e9s\u00e9r\u0151l sz\u00f3l\u00f3 rendeletnek megfelel\u0151en, tov\u00e1bb\u00e1 a szem\u00e9lyes adatok v\u00e9delm\u00e9r\u0151l \u00e9s egyes t\u00f6rv\u00e9nyek m\u00f3dos\u00edt\u00e1s\u00e1r\u00f3l \u00e9s kieg\u00e9sz\u00edt\u00e9s\u00e9r\u0151l sz\u00f3l\u00f3 18\/2018 Tt. sz. t\u00f6rv\u00e9ny, illetve annak 2018.05.25-\u00e9t\u0151l \u00e9rv\u00e9nyes \u00e9s hat\u00e1lyos v\u00e1ltozat\u00e1nak megfelel\u0151en kezelik.<\/h5>\n\n\n\n<h3 id=\"wp-block-themeisle-blocks-advanced-heading-51f25c43\" class=\"wp-block-themeisle-blocks-advanced-heading wp-block-themeisle-blocks-advanced-heading-51f25c43\"><strong>A SZEM\u00c9LYES ADATOK MEGSZERZ\u00c9S\u00c9NEK M\u00d3DJAI<\/strong><\/h3>\n\n\n\n<span id=\"wp-block-themeisle-blocks-advanced-heading-a827be16\" class=\"wp-block-themeisle-blocks-advanced-heading wp-block-themeisle-blocks-advanced-heading-a827be16\">Az \u00fcgyf\u00e9l szem\u00e9lyes adatainak megszerz\u00e9se szem\u00e9lyes tal\u00e1lkoz\u00e1s sor\u00e1n, telefonbesz\u00e9lget\u00e9s sor\u00e1n, SMS \u00fczenetben vagy e-mailben t\u00f6rt\u00e9nik.<br>A jogi szem\u00e9ly eset\u00e9n megszerzett adatok:<br>&#8211; c\u00e9gn\u00e9v,<br>&#8211; a c\u00e9g sz\u00e9khelye,<br>&#8211; a c\u00e9gjegyz\u00e9kbe t\u00f6rt\u00e9n\u0151 bejegyz\u00e9sre vonatkoz\u00f3 adatok,<br>&#8211; KSH-sz\u00e1m,<br>&#8211; ad\u00f3sz\u00e1m \u00e9s\/vagy k\u00f6z\u00f6ss\u00e9gi ad\u00f3sz\u00e1m,<br>&#8211; a kapcsolattart\u00f3 szem\u00e9ly csal\u00e1di \u00e9s ut\u00f3neve,<br>&#8211; telefonsz\u00e1m,<br>&#8211; e-mail-c\u00edm,<br>&#8211; esetleg banki kapcsolat.<\/span>\n\n\n\n<span id=\"wp-block-themeisle-blocks-advanced-heading-ea17fa29\" class=\"wp-block-themeisle-blocks-advanced-heading wp-block-themeisle-blocks-advanced-heading-ea17fa29\">Term\u00e9szetes szem\u00e9ly eset\u00e9n megszerzett adatok:<br>&#8211; csal\u00e1di \u00e9s ut\u00f3n\u00e9v,<br>&#8211; az \u00e1lland\u00f3 vagy az \u00e1tmeneti lakhely c\u00edme,<br>&#8211; a szem\u00e9lyazonoss\u00e1gi igazolv\u00e1ny sz\u00e1ma vagy a szem\u00e9lyi azonos\u00edt\u00f3,<br>&#8211; telefonsz\u00e1m,<br>&#8211; e-mail-c\u00edm.<\/span>\n\n\n\n<span id=\"wp-block-themeisle-blocks-advanced-heading-f16e0d2f\" class=\"wp-block-themeisle-blocks-advanced-heading wp-block-themeisle-blocks-advanced-heading-f16e0d2f\">A <strong>www.fajnpreklady.sk<\/strong> weboldalnak a megl\u00e1togat\u00e1sa sor\u00e1n a l\u00e1togat\u00f3i statisztik\u00e1k k\u00e9sz\u00edt\u00e9se \u00e9rdek\u00e9ben harmadik f\u00e9lt\u0151l sz\u00e1rmaz\u00f3 eszk\u00f6z \u2013 Google Analytics \u2013 haszn\u00e1lat\u00e1ra ker\u00fcl sor, amely r\u00f6gz\u00edti a cookie-kat \u00e9s a l\u00e1togat\u00f3 IP-c\u00edm\u00e9t. Ezen k\u00edv\u00fcl az oldal egy\u00e9b cookie-kat nem haszn\u00e1l, \u00e9s a l\u00e1togat\u00f3k IP-c\u00edm\u00e9t m\u00e1s m\u00f3don nem t\u00e1rolja. Tov\u00e1bbi inform\u00e1ci\u00f3k a k\u00f6vetkez\u0151 oldalon tal\u00e1lhat\u00f3k: <a href=\"http:\/\/www.google.com\/analytics\/terms\/dpa\/dataprocessingamendment_20160909.html\" target=\"_blank\" rel=\"noopener\" title=\"\">http:\/\/www.google.com\/analytics\/terms\/dpa\/dataprocessingamendment_20160909.html<\/a><\/span>\n\n\n\n<h3 id=\"wp-block-themeisle-blocks-advanced-heading-e6b994fe\" class=\"wp-block-themeisle-blocks-advanced-heading wp-block-themeisle-blocks-advanced-heading-e6b994fe\"><strong>A SZEM\u00c9LYES ADATOK MEGSZERZ\u00c9S\u00c9NEK INDOKAI<\/strong><\/h3>\n\n\n\n<span id=\"wp-block-themeisle-blocks-advanced-heading-4b87e72d\" class=\"wp-block-themeisle-blocks-advanced-heading wp-block-themeisle-blocks-advanced-heading-4b87e72d\">A szem\u00e9lyes adatok megszerz\u00e9se abb\u00f3l a c\u00e9lb\u00f3l t\u00f6rt\u00e9nik, hogy azokat felt\u00fcntethess\u00e9k a v\u00e1llalkoz\u00e1si szerz\u0151d\u00e9sben vagy a megrendel\u00e9sben, tov\u00e1bb\u00e1 az elk\u00e9sz\u00edtett m\u0171 lesz\u00e1ll\u00edt\u00e1s\u00e1t k\u00f6vet\u0151en a sz\u00e1ml\u00e1n. A szem\u00e9lyes adatok megszerz\u00e9se kiz\u00e1r\u00f3lag a megrendelt m\u0171 megval\u00f3s\u00edt\u00e1s\u00e1val kapcsolatban t\u00f6rt\u00e9nik. Az \u00edgy megszerzett szem\u00e9lyes adatokat semmilyen m\u00f3don sem elemzik, automatiz\u00e1lt egy\u00e9ni d\u00f6nt\u00e9shozatalra \u00e9s profilalkot\u00e1sra nem ker\u00fcl sor. A fentiekben felt\u00fcntetett szem\u00e9lyes adatok megad\u00e1sa n\u00e9lk\u00fcl a megrendel\u00e9s elfogadhatatlan.<\/span>\n\n\n\n<h3 id=\"wp-block-themeisle-blocks-advanced-heading-aec3cd86\" class=\"wp-block-themeisle-blocks-advanced-heading wp-block-themeisle-blocks-advanced-heading-aec3cd86\"><strong>A SZEM\u00c9LYES ADATOK KEZEL\u00c9SE<\/strong><\/h3>\n\n\n\n<span id=\"wp-block-themeisle-blocks-advanced-heading-e6fb9daa\" class=\"wp-block-themeisle-blocks-advanced-heading wp-block-themeisle-blocks-advanced-heading-e6fb9daa\">A szem\u00e9lyes adatokat tartalmaz\u00f3 dokumentumokat (v\u00e1llalkoz\u00f3i szerz\u0151d\u00e9s, megrendel\u00e9s, sz\u00e1mla) fizikai form\u00e1ban t\u00e1roljuk (pap\u00edron a k\u00f6nyvel\u00e9sben).<\/span>\n\n\n\n<h3 id=\"wp-block-themeisle-blocks-advanced-heading-a2b7f9be\" class=\"wp-block-themeisle-blocks-advanced-heading wp-block-themeisle-blocks-advanced-heading-a2b7f9be\"><strong>A SZEM\u00c9LYES ADATOK T\u00c1ROL\u00c1S\u00c1NAK ID\u0150TARTAMA<\/strong><\/h3>\n\n\n\n<span id=\"wp-block-themeisle-blocks-advanced-heading-0f83cc3b\" class=\"wp-block-themeisle-blocks-advanced-heading wp-block-themeisle-blocks-advanced-heading-0f83cc3b\">A szem\u00e9lyes adatok t\u00e1rol\u00e1sa a sz\u00e1mviteli t\u00f6rv\u00e9nyben el\u0151\u00edrt id\u0151tartam alatt t\u00f6rt\u00e9nik, \u00e1ltal\u00e1ban 10 \u00e9vig. A t\u00f6rv\u00e9nyben el\u0151\u00edrt t\u00e1rol\u00e1si id\u0151 letelt\u00e9t k\u00f6vet\u0151en a dokumentumok megsemmis\u00edt\u00e9se iratmegsemmis\u00edt\u0151vel t\u00f6rt\u00e9nik.<\/span>\n\n\n\n<h3 id=\"wp-block-themeisle-blocks-advanced-heading-f0d43256\" class=\"wp-block-themeisle-blocks-advanced-heading wp-block-themeisle-blocks-advanced-heading-f0d43256\"><strong>A SZEM\u00c9LYES ADATOK HARMADIK FELEKNEK T\u00d6RT\u00c9N\u0150 RENDELKEZ\u00c9SRE BOCS\u00c1T\u00c1SA<\/strong><\/h3>\n\n\n\n<span id=\"wp-block-themeisle-blocks-advanced-heading-46e2ba0a\" class=\"wp-block-themeisle-blocks-advanced-heading wp-block-themeisle-blocks-advanced-heading-46e2ba0a\">A szem\u00e9lyes adatok harmadik f\u00e9lnek nem ker\u00fclnek \u00e1tad\u00e1sra, azokat nem adj\u00e1k el \u00e9s semmilyen m\u00e1s m\u00f3don sem bocs\u00e1tj\u00e1k rendelkez\u00e9s\u00fckre.<\/span>\n\n\n\n<h3 id=\"wp-block-themeisle-blocks-advanced-heading-c10ccadc\" class=\"wp-block-themeisle-blocks-advanced-heading wp-block-themeisle-blocks-advanced-heading-c10ccadc\"><strong>KI A FELEL\u0150S A SZEM\u00c9LYES ADATOK KEZEL\u00c9S\u00c9\u00c9RT<\/strong><\/h3>\n\n\n\n<span id=\"wp-block-themeisle-blocks-advanced-heading-5fdd317e\" class=\"wp-block-themeisle-blocks-advanced-heading wp-block-themeisle-blocks-advanced-heading-5fdd317e\">A szem\u00e9lyes adatok kezel\u00e9s\u00e9\u00e9rt Hlav\u00e1cs M\u00e1ria hiteles ford\u00edt\u00f3 \u00e9s Hlav\u00e1cs P\u00e9ter egy\u00e9ni v\u00e1llalkoz\u00f3 a felel\u0151s.<\/span>\n\n\n\n<h3 id=\"wp-block-themeisle-blocks-advanced-heading-7e3031ad\" class=\"wp-block-themeisle-blocks-advanced-heading wp-block-themeisle-blocks-advanced-heading-7e3031ad\"><strong>AZ ADATKEZEL\u00c9SI T\u00c1J\u00c9KOZTAT\u00d3 (GDPR) \u00c9RV\u00c9NYESS\u00c9GE<\/strong><\/h3>\n\n\n\n<span id=\"wp-block-themeisle-blocks-advanced-heading-e8446c5f\" class=\"wp-block-themeisle-blocks-advanced-heading wp-block-themeisle-blocks-advanced-heading-e8446c5f\">A fentiekben felt\u00fcntetett adatkezel\u00e9si t\u00e1j\u00e9koztat\u00f3 (GDPR) 2018.05.25. napj\u00e1t\u00f3l, azt is belesz\u00e1m\u00edtva \u00e9rv\u00e9nyes, hat\u00e1rozatlan id\u0151tartamra.<\/span>\n\n\n\n<h3 id=\"wp-block-themeisle-blocks-advanced-heading-d29e24c8\" class=\"wp-block-themeisle-blocks-advanced-heading wp-block-themeisle-blocks-advanced-heading-d29e24c8\"><strong>T\u00c1J\u00c9KOZTAT\u00c1S AZ ADATALANY JOGOSULTS\u00c1GAIR\u00d3L<\/strong><\/h3>\n\n\n\n<span id=\"wp-block-themeisle-blocks-advanced-heading-4fe9c54d\" class=\"wp-block-themeisle-blocks-advanced-heading wp-block-themeisle-blocks-advanced-heading-4fe9c54d\">A GDPR 13-21 cikkelyeinek megfelel\u0151en (a szem\u00e9lyes adatok v\u00e9delm\u00e9r\u0151l sz\u00f3l\u00f3 t\u00f6rv\u00e9ny 19-27. \u00a7-a) adatalanyk\u00e9nt \u00d6n az al\u00e1bbi jogokkal rendelkezik:<br>&#8211; joga van az \u00fczemeltet\u0151t\u0151l hozz\u00e1f\u00e9r\u00e9st k\u00f6vetelni az \u00d6nre vonatkoz\u00f3 szem\u00e9lyes adatokhoz (hozz\u00e1f\u00e9r\u00e9si jog),<br>&#8211; a szem\u00e9lyes adatai helyesb\u00edt\u00e9s\u00e9hez val\u00f3 jog (helyesb\u00edt\u00e9shez val\u00f3 jog),<br>&#8211; a szem\u00e9lyes adatai t\u00f6rl\u00e9s\u00e9re vonatkoz\u00f3 jog (t\u00f6rl\u00e9si jog) vagy<br>&#8211; a szem\u00e9lyes adatok kezel\u00e9s\u00e9nek korl\u00e1toz\u00e1s\u00e1hoz val\u00f3 jog (feldolgoz\u00e1s korl\u00e1toz\u00e1s\u00e1nak joga),<br>&#8211; a szem\u00e9lyes adatok kezel\u00e9s\u00e9vel szembeni kifog\u00e1st illet\u0151 jog (feldolgoz\u00e1s elleni kifog\u00e1s joga),<br>&#8211; a szem\u00e9lyes adatok \u00e1tvitel\u00e9t illet\u0151 jog (adathordozhat\u00f3s\u00e1ghoz val\u00f3 jog),<br>&#8211; a fel\u00fcgyeleti hat\u00f3s\u00e1gn\u00e1l t\u00f6rt\u00e9n\u0151 panaszt\u00e9telt illet\u0151 jog, azaz elj\u00e1r\u00e1s megind\u00edt\u00e1s\u00e1ra vonatkoz\u00f3 javaslat beny\u00fajt\u00e1s\u00e1t illet\u0151 jog (tiltakoz\u00e1shoz val\u00f3 jog).<\/span>\n\n\n\n<span id=\"wp-block-themeisle-blocks-advanced-heading-fd184440\" class=\"wp-block-themeisle-blocks-advanced-heading wp-block-themeisle-blocks-advanced-heading-fd184440\">A jogait \u00edr\u00e1sban, a jelen weboldalon felt\u00fcntetett sz\u00e9khely c\u00edm\u00e9n vagy e-mailben \u00e9rv\u00e9nyes\u00edtheti.<\/span>\n\n\n\n<p><\/p>\n\n\n\n<p><\/p>\n","protected":false},"excerpt":{"rendered":"","protected":false},"author":1,"featured_media":0,"parent":0,"menu_order":0,"comment_status":"closed","ping_status":"closed","template":"","meta":{"neve_meta_sidebar":"","neve_meta_container":"","neve_meta_enable_content_width":"","neve_meta_content_width":0,"neve_meta_title_alignment":"","neve_meta_author_avatar":"","neve_post_elements_order":"","neve_meta_disable_header":"","neve_meta_disable_footer":"","neve_meta_disable_title":"","_themeisle_gutenberg_block_has_review":false,"footnotes":""},"class_list":["post-3","page","type-page","status-publish","hentry"],"aioseo_notices":[],"_links":{"self":[{"href":"https:\/\/fajnpreklady.sk\/hu\/wp-json\/wp\/v2\/pages\/3"}],"collection":[{"href":"https:\/\/fajnpreklady.sk\/hu\/wp-json\/wp\/v2\/pages"}],"about":[{"href":"https:\/\/fajnpreklady.sk\/hu\/wp-json\/wp\/v2\/types\/page"}],"author":[{"embeddable":true,"href":"https:\/\/fajnpreklady.sk\/hu\/wp-json\/wp\/v2\/users\/1"}],"replies":[{"embeddable":true,"href":"https:\/\/fajnpreklady.sk\/hu\/wp-json\/wp\/v2\/comments?post=3"}],"version-history":[{"count":37,"href":"https:\/\/fajnpreklady.sk\/hu\/wp-json\/wp\/v2\/pages\/3\/revisions"}],"predecessor-version":[{"id":969,"href":"https:\/\/fajnpreklady.sk\/hu\/wp-json\/wp\/v2\/pages\/3\/revisions\/969"}],"wp:attachment":[{"href":"https:\/\/fajnpreklady.sk\/hu\/wp-json\/wp\/v2\/media?parent=3"}],"curies":[{"name":"wp","href":"https:\/\/api.w.org\/{rel}","templated":true}]}}