{"id":143,"date":"2020-02-24T13:08:57","date_gmt":"2020-02-24T13:08:57","guid":{"rendered":"https:\/\/demosites.io\/zelle-gb\/?page_id=143"},"modified":"2024-09-08T17:46:33","modified_gmt":"2024-09-08T15:46:33","slug":"0227d-home","status":"publish","type":"page","link":"https:\/\/fajnpreklady.sk\/hu\/","title":{"rendered":"Home"},"content":{"rendered":"\n<div id=\"uvod\" class=\"wp-block-themeisle-blocks-advanced-columns alignfull has-1-columns has-desktop-equal-layout has-tablet-equal-layout has-mobile-equal-layout has-vertical-center\"><div class=\"wp-block-themeisle-blocks-advanced-columns-overlay\"><\/div><div class=\"innerblocks-wrap\">\n<div id=\"wp-block-themeisle-blocks-advanced-column-bc8f6b49\" class=\"wp-block-themeisle-blocks-advanced-column\">\n<h1 id=\"wp-block-themeisle-blocks-advanced-heading-93a6496f\" class=\"wp-block-themeisle-blocks-advanced-heading wp-block-themeisle-blocks-advanced-heading-93a6496f\"><strong>TOLM\u00c1CSOL\u00c1S, HITELES \u00c9S NEM HITELES FORD\u00cdT\u00c1SOK<\/strong><\/h1>\n\n\n\n<h2 id=\"wp-block-themeisle-blocks-advanced-heading-63417dec\" class=\"wp-block-themeisle-blocks-advanced-heading wp-block-themeisle-blocks-advanced-heading-63417dec\"><span class=\"h7\" id=\"intro_section_text_2\"><h5><span class=\"h7\" id=\"intro_section_text_2\">SZLOV\u00c1K NYELVR\u0150L MAGYAR NYELVRE \u00c9S MAGYAR NYELVR\u0150L SZLOV\u00c1K NYELVRE<\/span><\/h5><\/span><\/h2>\n<\/div>\n<\/div><\/div>\n\n\n\n<div id=\"szolgaltatasaink\" class=\"wp-block-themeisle-blocks-advanced-columns alignfull has-1-columns has-desktop-equal-layout has-tablet-equal-layout has-mobile-equal-layout has-vertical-unset has-light-bg\"><div class=\"wp-block-themeisle-blocks-advanced-columns-overlay\"><\/div><div class=\"innerblocks-wrap\">\n<div id=\"wp-block-themeisle-blocks-advanced-column-b3c846e4\" class=\"wp-block-themeisle-blocks-advanced-column\">\n<h2 id=\"wp-block-themeisle-blocks-advanced-heading-f6974ccb\" class=\"wp-block-themeisle-blocks-advanced-heading wp-block-themeisle-blocks-advanced-heading-f6974ccb\"><strong><br><\/strong>Szolg\u00e1ltat\u00e1saink<\/h2>\n\n\n\n<hr class=\"wp-block-separator has-text-color has-alpha-channel-opacity has-background is-style-default\" style=\"background-color:#008642;color:#008642\"\/>\n\n\n\n<h2 id=\"wp-block-themeisle-blocks-advanced-heading-499c6595\" class=\"wp-block-themeisle-blocks-advanced-heading wp-block-themeisle-blocks-advanced-heading-499c6595\"><br>SZLOV\u00c1K &lt; &gt; MAGYAR<\/h2>\n<\/div>\n<\/div><\/div>\n\n\n\n<div id=\"se\" class=\"wp-block-themeisle-blocks-advanced-columns alignfull has-3-columns has-desktop-equal-layout has-tablet-equal-layout has-mobile-collapsedRows-layout has-vertical-unset has-light-bg\"><div class=\"wp-block-themeisle-blocks-advanced-columns-overlay\"><\/div><div class=\"innerblocks-wrap\">\n<div id=\"wp-block-themeisle-blocks-advanced-column-71484aac\" class=\"wp-block-themeisle-blocks-advanced-column has-light-bg\">\n<div id=\"wp-block-themeisle-blocks-font-awesome-icons-29583e4b\" class=\"wp-block-themeisle-blocks-font-awesome-icons\"><span class=\"wp-block-themeisle-blocks-font-awesome-icons-container nan-padding\"><i class=\"fas fa-stamp\"><\/i><\/span><\/div>\n\n\n\n<h5 id=\"wp-block-themeisle-blocks-advanced-heading-e50a9371\" class=\"wp-block-themeisle-blocks-advanced-heading wp-block-themeisle-blocks-advanced-heading-e50a9371\"><strong>hiteles\u00edtett ford\u00edt\u00e1sok<\/strong><\/h5>\n<\/div>\n\n\n\n<div id=\"wp-block-themeisle-blocks-advanced-column-a0079089\" class=\"wp-block-themeisle-blocks-advanced-column has-light-bg\">\n<div id=\"wp-block-themeisle-blocks-font-awesome-icons-cdfe10a4\" class=\"wp-block-themeisle-blocks-font-awesome-icons\"><span class=\"wp-block-themeisle-blocks-font-awesome-icons-container\"><i class=\"fas fa-font\"><\/i><\/span><\/div>\n\n\n\n<h5 id=\"wp-block-themeisle-blocks-advanced-heading-7964a169\" class=\"wp-block-themeisle-blocks-advanced-heading wp-block-themeisle-blocks-advanced-heading-7964a169\">szakmai sz\u00f6vegek ford\u00edt\u00e1sa<\/h5>\n<\/div>\n\n\n\n<div id=\"wp-block-themeisle-blocks-advanced-column-3ad7ac1c\" class=\"wp-block-themeisle-blocks-advanced-column has-light-bg\">\n<div id=\"wp-block-themeisle-blocks-font-awesome-icons-3f5f9531\" class=\"wp-block-themeisle-blocks-font-awesome-icons\"><span class=\"wp-block-themeisle-blocks-font-awesome-icons-container\"><i class=\"fas fa-bars\"><\/i><\/span><\/div>\n\n\n\n<h5 id=\"wp-block-themeisle-blocks-advanced-heading-68f9f4b6\" class=\"wp-block-themeisle-blocks-advanced-heading wp-block-themeisle-blocks-advanced-heading-68f9f4b6\"> \u00e1ltal\u00e1nos sz\u00f6vegek ford\u00edt\u00e1sa<\/h5>\n<\/div>\n<\/div><\/div>\n\n\n\n<div id=\"referenciak\" class=\"wp-block-themeisle-blocks-advanced-columns alignfull has-1-columns has-desktop-equal-layout has-tablet-equal-layout has-mobile-equal-layout has-vertical-unset has-light-bg\"><div class=\"wp-block-themeisle-blocks-advanced-columns-overlay\"><\/div><div class=\"innerblocks-wrap\">\n<div id=\"wp-block-themeisle-blocks-advanced-column-5c38f6b1\" class=\"wp-block-themeisle-blocks-advanced-column\">\n<h2 id=\"wp-block-themeisle-blocks-advanced-heading-8a6fcd5c\" class=\"wp-block-themeisle-blocks-advanced-heading wp-block-themeisle-blocks-advanced-heading-8a6fcd5c\">Referenci\u00e1k<\/h2>\n\n\n\n<hr class=\"wp-block-separator has-text-color has-alpha-channel-opacity has-background\" style=\"background-color:#008642;color:#008642\"\/>\n<\/div>\n<\/div><\/div>\n\n\n\n<div id=\"about\" class=\"wp-block-themeisle-blocks-advanced-columns alignfull has-1-columns has-desktop-equal-layout has-tablet-equal-layout has-mobile-equal-layout has-vertical-center\"><div class=\"wp-block-themeisle-blocks-advanced-columns-overlay\"><\/div><div class=\"innerblocks-wrap\">\n<div id=\"wp-block-themeisle-blocks-advanced-column-b84eb7cd\" class=\"wp-block-themeisle-blocks-advanced-column\">\n<h2 id=\"wp-block-themeisle-blocks-advanced-heading-929e2ac2\" class=\"wp-block-themeisle-blocks-advanced-heading wp-block-themeisle-blocks-advanced-heading-929e2ac2\">\u00dcGY\u00c9SZS\u00c9GEK, B\u00cdR\u00d3S\u00c1GOK, REND\u0150RS\u00c9G,<br>FORD\u00cdT\u00d3IROD\u00c1K, C\u00c9GEK<br>\u00e9s MAG\u00c1NSZEM\u00c9LYEK<\/h2>\n<\/div>\n<\/div><\/div>\n\n\n\n<div id=\"kapcsolat\" class=\"wp-block-themeisle-blocks-advanced-columns alignfull has-1-columns has-desktop-equal-layout has-tablet-equal-layout has-mobile-equal-layout has-vertical-unset\"><div class=\"wp-block-themeisle-blocks-advanced-columns-overlay\"><\/div><div class=\"innerblocks-wrap\">\n<div id=\"wp-block-themeisle-blocks-advanced-column-30ed2d0d\" class=\"wp-block-themeisle-blocks-advanced-column\">\n<h2 id=\"wp-block-themeisle-blocks-advanced-heading-8e34a3ae\" class=\"wp-block-themeisle-blocks-advanced-heading wp-block-themeisle-blocks-advanced-heading-8e34a3ae\">Kapcsolat<\/h2>\n\n\n\n<hr class=\"wp-block-separator has-text-color has-alpha-channel-opacity has-background\" style=\"background-color:#008642;color:#008642\"\/>\n\n\n\n<div class=\"wp-block-columns is-layout-flex wp-container-core-columns-is-layout-1 wp-block-columns-is-layout-flex\">\n<div class=\"wp-block-column is-layout-flow wp-block-column-is-layout-flow\">\n<div id=\"wp-block-themeisle-blocks-font-awesome-icons-d002e8f7\" class=\"wp-block-themeisle-blocks-font-awesome-icons\"><span class=\"wp-block-themeisle-blocks-font-awesome-icons-container\"><i class=\"far fa-envelope\"><\/i><\/span><\/div>\n\n\n\n<span id=\"wp-block-themeisle-blocks-advanced-heading-300594b2\" class=\"wp-block-themeisle-blocks-advanced-heading wp-block-themeisle-blocks-advanced-heading-300594b2\"><a href=\"mailto:preklady@fajnpreklady.sk\">preklady@fajnpreklady.sk<\/a><br><a href=\"mailto:hlavacsm@wision.sk\">hlavacsm@wision.sk<\/a><\/span>\n<\/div>\n\n\n\n<div class=\"wp-block-column is-layout-flow wp-block-column-is-layout-flow\">\n<div id=\"wp-block-themeisle-blocks-font-awesome-icons-f9034ebe\" class=\"wp-block-themeisle-blocks-font-awesome-icons\"><span class=\"wp-block-themeisle-blocks-font-awesome-icons-container\"><i class=\"fas fa-map-marker-alt\"><\/i><\/span><\/div>\n\n\n\n<span id=\"wp-block-themeisle-blocks-advanced-heading-8c46696b\" class=\"wp-block-themeisle-blocks-advanced-heading wp-block-themeisle-blocks-advanced-heading-8c46696b\">Lado\u017esk\u00e1 8<br>04012 Ko\u0161ice (Kassa)<br>Szlov\u00e1kia<\/span>\n<\/div>\n\n\n\n<div class=\"wp-block-column is-layout-flow wp-block-column-is-layout-flow\">\n<div id=\"wp-block-themeisle-blocks-font-awesome-icons-cfc8d5c0\" class=\"wp-block-themeisle-blocks-font-awesome-icons\"><span class=\"wp-block-themeisle-blocks-font-awesome-icons-container\"><i class=\"fas fa-mobile-alt\"><\/i><\/span><\/div>\n\n\n\n<span id=\"wp-block-themeisle-blocks-advanced-heading-cd464538\" class=\"wp-block-themeisle-blocks-advanced-heading wp-block-themeisle-blocks-advanced-heading-cd464538\">PhDr. Hlav\u00e1cs M\u00e1ria: +421 904 169 295<br>Hlav\u00e1cs P\u00e9ter, DiS.: +421 904 222 516<\/span>\n<\/div>\n<\/div>\n\n\n\n<div id=\"wp-block-themeisle-blocks-font-awesome-icons-a799e398\" class=\"wp-block-themeisle-blocks-font-awesome-icons\"><span class=\"wp-block-themeisle-blocks-font-awesome-icons-container\"><i class=\"fab fa-facebook-square\"><\/i><\/span><\/div>\n\n\n\n<span id=\"wp-block-themeisle-blocks-advanced-heading-0a29bfb2\" class=\"wp-block-themeisle-blocks-advanced-heading wp-block-themeisle-blocks-advanced-heading-0a29bfb2\"><a href=\"https:\/\/www.facebook.com\/fajnPREKLADY\" target=\"_blank\" rel=\"noopener\" title=\"\">facebook.com\/fajnPREKLADY<\/a><\/span>\n<\/div>\n<\/div><\/div>\n\n\n<div style=\"height:400px\" class=\"map wp-block-themeisle-blocks-google-map\" id=\"wp-block-themeisle-blocks-google-map-4e12639e\"><\/div>\n<script type=\"text\/javascript\">\n\t\/* <![CDATA[ *\/\n\t\tif ( ! window.themeisleGoogleMaps ) window.themeisleGoogleMaps =[];\n\t\twindow.themeisleGoogleMaps.push( { container: \"wp-block-themeisle-blocks-google-map-4e12639e\", attributes: {\"id\":\"wp-block-themeisle-blocks-google-map-4e12639e\",\"location\":\"Lado\\u017esk\\u00e1 1438\\\/8, 040 12 Ko\\u0161ice-Nad jazerom, Slovakia\",\"latitude\":\"48.68368359999999\",\"longitude\":\"21.2928909\",\"zoom\":18,\"markers\":[{\"id\":\"9e04caa4-fd22-47a2-95b4-a2ec5ffdafe6\",\"location\":\"Lado\\u017esk\\u00e1 1438\\\/8, 040 12 Ko\\u0161ice-Nad jazerom, Slovakia\",\"title\":\"Custom Marker\",\"icon\":\"https:\\\/\\\/maps.google.com\\\/mapfiles\\\/ms\\\/icons\\\/red-dot.png\",\"description\":\"<pre><strong>fajnPREKLADY<\\\/strong><br \\\/>Lado\\u017esk\\u00e1 8<br \\\/>04012 Ko\\u0161ice<\\\/pre>\\n<p>\\u00a0<\\\/p>\",\"latitude\":\"48.68368359999999\",\"longitude\":\"21.2928909\"}],\"className\":\"map\",\"style\":\"standard\",\"type\":\"roadmap\",\"height\":\"400px\",\"draggable\":true,\"mapTypeControl\":true,\"zoomControl\":true,\"fullscreenControl\":true,\"streetViewControl\":true,\"hasCustomCSS\":false,\"customCSS\":\"\",\"otterConditions\":[]} } );\n\t\/* ]]> *\/\n<\/script>\n\n\n\n<div id=\"contact\" class=\"wp-block-themeisle-blocks-advanced-columns alignfull has-1-columns has-desktop-equal-layout has-tablet-equal-layout has-mobile-equal-layout has-vertical-unset\"><div class=\"wp-block-themeisle-blocks-advanced-columns-overlay\"><\/div><div class=\"innerblocks-wrap\">\n<div id=\"wp-block-themeisle-blocks-advanced-column-5faf7847\" class=\"wp-block-themeisle-blocks-advanced-column\">\n<div id=\"wp-block-themeisle-blocks-advanced-columns-6ed4b731\" class=\"wp-block-themeisle-blocks-advanced-columns has-1-columns has-desktop-equal-layout has-tablet-equal-layout has-mobile-equal-layout has-vertical-unset\"><div class=\"wp-block-themeisle-blocks-advanced-columns-overlay\"><\/div><div class=\"innerblocks-wrap\">\n<div id=\"wp-block-themeisle-blocks-advanced-column-b79d6998\" class=\"wp-block-themeisle-blocks-advanced-column\">\n<div id=\"wp-block-themeisle-blocks-advanced-columns-bf8e8be4\" class=\"wp-block-themeisle-blocks-advanced-columns has-1-columns has-desktop-equal-layout has-tablet-equal-layout has-mobile-equal-layout has-vertical-unset\"><div class=\"wp-block-themeisle-blocks-advanced-columns-overlay\"><\/div><div class=\"innerblocks-wrap\">\n<div id=\"wp-block-themeisle-blocks-advanced-column-f3c69395\" class=\"wp-block-themeisle-blocks-advanced-column\"><div class=\"wp-block-themeisle-blocks-advanced-column-overlay\"><\/div>\n<div id=\"wp-block-themeisle-blocks-form-a99a6f37\" class=\"wp-block-themeisle-blocks-form\" data-option-name=\"8a09cd92e4c416f13a3143283f3ce7b270da0763_a99a6f37\"><form class=\"otter-form__container\">\n<div id=\"wp-block-themeisle-blocks-form-input-2462916f\" class=\"wp-block-themeisle-blocks-form-input\"><label for=\"wp-block-themeisle-blocks-form-input-2462916f-input\" class=\"otter-form-input-label\"><span class=\"otter-form-input-label__label\">N\u00e9v<\/span><span class=\"required\">*<\/span><\/label><input type=\"text\" id=\"wp-block-themeisle-blocks-form-input-2462916f-input\" required class=\"otter-form-input\"\/><\/div>\n\n\n\n<div id=\"wp-block-themeisle-blocks-form-input-334d2618\" class=\"wp-block-themeisle-blocks-form-input\"><label for=\"wp-block-themeisle-blocks-form-input-334d2618-input\" class=\"otter-form-input-label\"><span class=\"otter-form-input-label__label\">E-mail<\/span><span class=\"required\">*<\/span><\/label><input type=\"email\" id=\"wp-block-themeisle-blocks-form-input-334d2618-input\" required class=\"otter-form-input\"\/><\/div>\n\n\n<div class=\"protection\" aria-hidden=\"true\"><input type=\"hidden\" id=\"wp-block-themeisle-blocks-form-a99a6f37_nonce_field\" name=\"wp-block-themeisle-blocks-form-a99a6f37_nonce_field\" value=\"8cce75bc9c\" \/><input type=\"hidden\" name=\"_wp_http_referer\" value=\"\/hu\/wp-json\/wp\/v2\/pages\/143\" \/><input class=\"o-anti-bot\" type=\"checkbox\"><\/div>\n\n\n<div id=\"wp-block-themeisle-blocks-form-textarea-999e4a80\" class=\"wp-block-themeisle-blocks-form-textarea\"><label for=\"wp-block-themeisle-blocks-form-textarea-999e4a80-input\" class=\"otter-form-textarea-label\"><span class=\"otter-form-textarea-label__label\">\u00dczenet sz\u00f6vege<\/span><\/label><textarea id=\"wp-block-themeisle-blocks-form-textarea-999e4a80-input\" rows=\"10\" class=\"otter-form-textarea-input\"><\/textarea><\/div>\n\n\n\n<span id=\"wp-block-themeisle-blocks-advanced-heading-30cbb0a7\" class=\"wp-block-themeisle-blocks-advanced-heading wp-block-themeisle-blocks-advanced-heading-30cbb0a7\">Az \u00fczenet elk\u00fcld\u00e9s\u00e9vel j\u00f3v\u00e1hagyja az adatkezel\u00e9si t\u00e1j\u00e9koztat\u00f3t (<a href=\"https:\/\/fajnpreklady.sk\/hu\/gdpr\/\" target=\"_blank\" rel=\"noreferrer noopener\">GDPR<\/a>).<\/span>\n<div class=\"wp-block-button o-center\"><button class=\"wp-block-button__link\" type=\"submit\">K\u00fcld\u00e9s<\/button><\/div><\/form><\/div>\n<\/div>\n<\/div><\/div>\n<\/div>\n<\/div><\/div>\n<\/div>\n<\/div><\/div>\n\n\n\n<p class=\"has-text-align-center wision has-text-color has-link-color wp-elements-5217aaba5eb62eac78082b891ac40c62\" style=\"color:#008642\"><a href=\"https:\/\/www.wision.sk\/hu\" target=\"_blank\" rel=\"noopener\" title=\"\">created by WISION<\/a><\/p>\n","protected":false},"excerpt":{"rendered":"<p>created by WISION<\/p>\n","protected":false},"author":1,"featured_media":0,"parent":0,"menu_order":0,"comment_status":"closed","ping_status":"closed","template":"page-templates\/template-pagebuilder-full-width.php","meta":{"neve_meta_sidebar":"full-width","neve_meta_container":"contained","neve_meta_enable_content_width":"on","neve_meta_content_width":100,"neve_meta_title_alignment":"","neve_meta_author_avatar":"","neve_post_elements_order":"","neve_meta_disable_header":"","neve_meta_disable_footer":"","neve_meta_disable_title":"","_themeisle_gutenberg_block_has_review":false,"footnotes":""},"class_list":["post-143","page","type-page","status-publish","hentry"],"aioseo_notices":[],"_links":{"self":[{"href":"https:\/\/fajnpreklady.sk\/hu\/wp-json\/wp\/v2\/pages\/143"}],"collection":[{"href":"https:\/\/fajnpreklady.sk\/hu\/wp-json\/wp\/v2\/pages"}],"about":[{"href":"https:\/\/fajnpreklady.sk\/hu\/wp-json\/wp\/v2\/types\/page"}],"author":[{"embeddable":true,"href":"https:\/\/fajnpreklady.sk\/hu\/wp-json\/wp\/v2\/users\/1"}],"replies":[{"embeddable":true,"href":"https:\/\/fajnpreklady.sk\/hu\/wp-json\/wp\/v2\/comments?post=143"}],"version-history":[{"count":167,"href":"https:\/\/fajnpreklady.sk\/hu\/wp-json\/wp\/v2\/pages\/143\/revisions"}],"predecessor-version":[{"id":977,"href":"https:\/\/fajnpreklady.sk\/hu\/wp-json\/wp\/v2\/pages\/143\/revisions\/977"}],"wp:attachment":[{"href":"https:\/\/fajnpreklady.sk\/hu\/wp-json\/wp\/v2\/media?parent=143"}],"curies":[{"name":"wp","href":"https:\/\/api.w.org\/{rel}","templated":true}]}}